{"id":334953,"date":"2024-06-25T19:43:56","date_gmt":"2024-06-25T17:43:56","guid":{"rendered":"https:\/\/zeitwohnen.de\/?page_id=334953"},"modified":"2024-08-25T13:44:22","modified_gmt":"2024-08-25T11:44:22","slug":"bayenthal","status":"publish","type":"page","link":"https:\/\/www.zeitwohnen.de\/en\/furnished-rentals-cologne\/bayenthal\/","title":{"rendered":"Bayenthal"},"content":{"rendered":"<p><div class=\"fusion-fullwidth fullwidth-box fusion-builder-row-1 fusion-flex-container has-pattern-background has-mask-background nonhundred-percent-fullwidth non-hundred-percent-height-scrolling\" style=\"--awb-border-radius-top-left:0px;--awb-border-radius-top-right:0px;--awb-border-radius-bottom-right:0px;--awb-border-radius-bottom-left:0px;--awb-padding-top:3em;--awb-padding-bottom:3em;--awb-flex-wrap:wrap;\" ><div class=\"fusion-builder-row fusion-row fusion-flex-align-items-flex-start fusion-flex-content-wrap\" style=\"max-width:1248px;margin-left: calc(-4% \/ 2 );margin-right: calc(-4% \/ 2 );\"><div class=\"fusion-layout-column fusion_builder_column fusion-builder-column-0 fusion_builder_column_2_3 2_3 fusion-flex-column\" style=\"--awb-bg-size:cover;--awb-width-large:66.666666666667%;--awb-margin-top-large:0px;--awb-spacing-right-large:2.88%;--awb-margin-bottom-large:20px;--awb-spacing-left-large:2.88%;--awb-width-medium:66.666666666667%;--awb-order-medium:0;--awb-spacing-right-medium:2.88%;--awb-spacing-left-medium:2.88%;--awb-width-small:100%;--awb-order-small:0;--awb-spacing-right-small:1.92%;--awb-spacing-left-small:1.92%;\"><div class=\"fusion-column-wrapper fusion-column-has-shadow fusion-flex-justify-content-flex-start fusion-content-layout-column\"><div class=\"fusion-title title fusion-title-1 fusion-sep-none fusion-title-text fusion-title-size-one\" style=\"--awb-margin-top-small:10px;--awb-margin-right-small:0px;--awb-margin-bottom-small:10px;--awb-margin-left-small:0px;\"><h1 class=\"fusion-title-heading title-heading-left fusion-responsive-typography-calculated\" style=\"margin:0;--fontSize:37.5;line-height:var(--awb-typography1-line-height);\">Furnished Apartments in Cologne Bayenthal<\/h1><\/div><div class=\"fusion-text fusion-text-1\"><p>Bayenthal is a highly sought-after and old residential district of Cologne that impresses with its charming mix of tradition and modernity. The district is characterized by its attractive location on the banks of the Rhine, the many stores in Goltsteinstra\u00dfe and its proximity to the trendy S\u00fcdstadt district. This combination makes Bayenthal an ideal place to rent a temporary apartment.<\/p>\n<h5>Work-Life Balance Right by the River Rhine<\/h5>\n<p><strong>\u00a0<\/strong>One of the biggest advantages of Bayenthal is its direct location on the Rhine. The riverbank is ideal for long walks and sporting activities. Whether jogging, cycling or simply relaxing and watching the ships on the Rhine &#8211; here you can enjoy nature and the fresh air to the full. Especially in summer, the banks of the Rhine offer numerous opportunities for leisure activities and relaxation.<\/p>\n<p>Goltsteinstrasse is the heart of Bayenthal when it comes to shopping and everyday errands. Here you will find a variety of stores, from small boutiques to delicatessens and supermarkets. Goltsteinstrasse is known for its friendly and welcoming atmosphere, which invites you to stroll and linger. The personal advice in the stores and the individual service make shopping here a special experience.<\/p>\n<p>Just a stone&#8217;s throw away is S\u00fcdstadt, a lively district known for its diverse gastronomic scene. Here you can discover a wide range of restaurants, pubs and caf\u00e9s. Whether traditional German cuisine, international specialties or trendy bars &#8211; S\u00fcdstadt has something to suit every taste. The relaxed and informal atmosphere makes S\u00fcdstadt a popular meeting place for young and old.<\/p>\n<p>In addition to the many practical advantages, Bayenthal also offers cultural highlights and numerous leisure activities. The nearby Volksgarten district is ideal for relaxing walks and picnics. In summer, cultural events and open-air concerts regularly take place here, providing additional variety. Art lovers can enjoy the many small galleries and exhibitions that can be found in the area.<\/p>\n<p>Bayenthal also boasts a very good infrastructure. The nearby Antonius Hospital ensures optimal medical care. Schools and nurseries are also within easy reach, making Bayenthal particularly attractive for families. The good public transport connections and proximity to the city center make Bayenthal an ideal place to live for professionals and commuters.<\/p>\n<h5>Furnished Living in Bayenthal<\/h5>\n<p>Find your temporary apartment in Bayenthal now at Zeitwohnen Rhein Ruhr and enjoy comfort and flexibility. Our furnished apartments are modernly equipped and offer everything you need for a pleasant stay. They are particularly ideal for business people working in Cologne for a limited period of time or for people looking for a temporary residence for several months or even years.<\/p>\n<\/div><\/div><\/div><div class=\"fusion-layout-column fusion_builder_column fusion-builder-column-1 fusion_builder_column_1_3 1_3 fusion-flex-column\" style=\"--awb-bg-size:cover;--awb-width-large:33.333333333333%;--awb-margin-top-large:0px;--awb-spacing-right-large:5.76%;--awb-margin-bottom-large:20px;--awb-spacing-left-large:5.76%;--awb-width-medium:33.333333333333%;--awb-order-medium:0;--awb-spacing-right-medium:5.76%;--awb-spacing-left-medium:5.76%;--awb-width-small:100%;--awb-order-small:0;--awb-spacing-right-small:1.92%;--awb-spacing-left-small:1.92%;\"><div class=\"fusion-column-wrapper fusion-column-has-shadow fusion-flex-justify-content-flex-start fusion-content-layout-column\"><div style=\"text-align:center;\"><a class=\"fusion-button button-flat button-xlarge button-default fusion-button-default button-1 fusion-button-span-yes fusion-button-default-type fusion-menu\" style=\"--button_margin-top:1.2em;--button_margin-bottom:0.5em;\" target=\"_self\" href=\"#wohnungen\"><i class=\"fa-search fas awb-button__icon awb-button__icon--default button-icon-left\" aria-hidden=\"true\"><\/i><span class=\"fusion-button-text awb-button__text awb-button__text--default\">Current Listings<\/span><\/a><\/div>\n<div class=\"awb-gallery-wrapper awb-gallery-wrapper-1 button-span-no\" style=\"--more-btn-alignment:center;\"><div style=\"margin:-5px;--awb-bordersize:0px;\" class=\"fusion-gallery fusion-gallery-container fusion-grid-1 fusion-columns-total-2 fusion-gallery-layout-grid fusion-gallery-1\"><div style=\"padding:5px;\" class=\"fusion-grid-column fusion-gallery-column fusion-gallery-column-1 hover-type-none\"><div class=\"fusion-gallery-image\"><a href=\"https:\/\/www.zeitwohnen.de\/wp-content\/uploads\/2022\/11\/image_manager__768_003_4.jpg\" rel=\"noreferrer\" data-rel=\"lightbox-image-aUxpZ2h0Ym94W2dhbGxlcnlfaW1hZ2VfMV0=\" data-rl_title=\"\" data-rl_caption=\"\" class=\"fusion-lightbox\" target=\"_self\"><img decoding=\"async\" src=\"https:\/\/www.zeitwohnen.de\/wp-content\/uploads\/2022\/11\/image_manager__768_003_4.jpg\" width=\"768\" height=\"576\" alt=\"\" title=\"\" aria-label=\"image_manager__768_003_4\" class=\"img-responsive wp-image-266547 fusion-gallery-image-size-fixed\" srcset=\"https:\/\/www.zeitwohnen.de\/wp-content\/uploads\/2022\/11\/image_manager__768_003_4-200x150.jpg 200w, https:\/\/www.zeitwohnen.de\/wp-content\/uploads\/2022\/11\/image_manager__768_003_4-400x300.jpg 400w, https:\/\/www.zeitwohnen.de\/wp-content\/uploads\/2022\/11\/image_manager__768_003_4-600x450.jpg 600w, https:\/\/www.zeitwohnen.de\/wp-content\/uploads\/2022\/11\/image_manager__768_003_4.jpg 768w\" sizes=\"(min-width: 2200px) 100vw, (min-width: 640px) 1200px, \" \/><\/a><\/div><\/div><div class=\"clearfix\"><\/div><div style=\"padding:5px;\" class=\"fusion-grid-column fusion-gallery-column fusion-gallery-column-1 hover-type-none\"><div class=\"fusion-gallery-image\"><a href=\"https:\/\/www.zeitwohnen.de\/wp-content\/uploads\/2022\/11\/image_manager__768_005_6.jpg\" rel=\"noreferrer\" data-rel=\"lightbox-image-aUxpZ2h0Ym94W2dhbGxlcnlfaW1hZ2VfMV0=\" data-rl_title=\"\" data-rl_caption=\"\" class=\"fusion-lightbox\" target=\"_self\"><img decoding=\"async\" src=\"https:\/\/www.zeitwohnen.de\/wp-content\/uploads\/2022\/11\/image_manager__768_005_6.jpg\" width=\"768\" height=\"576\" alt=\"\" title=\"\" aria-label=\"image_manager__768_005_6\" class=\"img-responsive wp-image-266548 fusion-gallery-image-size-fixed\" srcset=\"https:\/\/www.zeitwohnen.de\/wp-content\/uploads\/2022\/11\/image_manager__768_005_6-200x150.jpg 200w, https:\/\/www.zeitwohnen.de\/wp-content\/uploads\/2022\/11\/image_manager__768_005_6-400x300.jpg 400w, https:\/\/www.zeitwohnen.de\/wp-content\/uploads\/2022\/11\/image_manager__768_005_6-600x450.jpg 600w, https:\/\/www.zeitwohnen.de\/wp-content\/uploads\/2022\/11\/image_manager__768_005_6.jpg 768w\" sizes=\"(min-width: 2200px) 100vw, (min-width: 640px) 1200px, \" \/><\/a><\/div><\/div><div class=\"clearfix\"><\/div><\/div><\/div><\/div><\/div><\/div><\/div><div class=\"fusion-fullwidth fullwidth-box fusion-builder-row-2 fusion-flex-container has-pattern-background has-mask-background nonhundred-percent-fullwidth non-hundred-percent-height-scrolling\" style=\"--awb-border-radius-top-left:0px;--awb-border-radius-top-right:0px;--awb-border-radius-bottom-right:0px;--awb-border-radius-bottom-left:0px;--awb-flex-wrap:wrap;\" id=\"wohnungen\" ><div class=\"fusion-builder-row fusion-row fusion-flex-align-items-flex-start fusion-flex-content-wrap\" style=\"max-width:1248px;margin-left: calc(-4% \/ 2 );margin-right: calc(-4% \/ 2 );\"><div class=\"fusion-layout-column fusion_builder_column fusion-builder-column-2 fusion_builder_column_1_1 1_1 fusion-flex-column\" style=\"--awb-bg-size:cover;--awb-width-large:100%;--awb-margin-top-large:0px;--awb-spacing-right-large:1.92%;--awb-margin-bottom-large:20px;--awb-spacing-left-large:1.92%;--awb-width-medium:100%;--awb-order-medium:0;--awb-spacing-right-medium:1.92%;--awb-spacing-left-medium:1.92%;--awb-width-small:100%;--awb-order-small:0;--awb-spacing-right-small:1.92%;--awb-spacing-left-small:1.92%;\"><div class=\"fusion-column-wrapper fusion-column-has-shadow fusion-flex-justify-content-flex-start fusion-content-layout-column\"><div class=\"fusion-title title fusion-title-2 fusion-sep-none fusion-title-text fusion-title-size-two\" style=\"--awb-margin-top-small:10px;--awb-margin-right-small:0px;--awb-margin-bottom-small:10px;--awb-margin-left-small:0px;\"><h2 class=\"fusion-title-heading title-heading-left fusion-responsive-typography-calculated\" style=\"margin:0;--fontSize:37.5;line-height:var(--awb-typography1-line-height);\">Find furnished Apartments in and around Cologne Bayenthal here:<\/h2><\/div><div class=\"fusion-separator fusion-full-width-sep\" style=\"align-self: center;margin-left: auto;margin-right: auto;margin-top:2em;width:100%;\"><\/div><div style=\"display:none;\"><div id=\"inx-property-filters\" class=\"inx-property-filters inx-container uk-padding-small\">\n\t<form action=\"https:\/\/www.zeitwohnen.de\/en\/wp-json\/wp\/v2\/pages\/334953\/\" method=\"get\">\n\t\t\n\t\t<div class=\"uk-flex uk-flex-right@s\">\n\t\t\t<div class=\"inx-form-element uk-width-1-1 uk-width-auto@s\">\n\t\t\t\t<select name=\"inx-sort\" class=\"uk-select\">\n\t\t\t\t\t\t\t\t\t\t<option\tvalue=\"charming\" selected>\n\t\t\t\t\t\tDefault\t\t\t\t\t<\/option>\n\t\t\t\t\t\t\t\t\t\t<option\tvalue=\"date_desc\">\n\t\t\t\t\t\tNewest\t\t\t\t\t<\/option>\n\t\t\t\t\t\t\t\t\t\t<option\tvalue=\"price_desc\">\n\t\t\t\t\t\tPrice (high to low)\t\t\t\t\t<\/option>\n\t\t\t\t\t\t\t\t\t\t<option\tvalue=\"price_asc\">\n\t\t\t\t\t\tPrice (low to high)\t\t\t\t\t<\/option>\n\t\t\t\t\t\t\t\t\t\t<option\tvalue=\"rooms_desc\">\n\t\t\t\t\t\tRooms (high to low)\t\t\t\t\t<\/option>\n\t\t\t\t\t\t\t\t\t\t<option\tvalue=\"rooms_asc\">\n\t\t\t\t\t\tRooms (low to high)\t\t\t\t\t<\/option>\n\t\t\t\t\t\t\t\t\t\t<option\tvalue=\"available_from_desc\">\n\t\t\t\t\t\tAvailable from (high to low)\t\t\t\t\t<\/option>\n\t\t\t\t\t\t\t\t\t\t<option\tvalue=\"available_from_asc\">\n\t\t\t\t\t\tAvailable from (low to high)\t\t\t\t\t<\/option>\n\t\t\t\t\t\t\t\t\t<\/select>\n\t\t\t<\/div>\n\t\t<\/div>\n\t<\/form>\n<\/div>\n<\/div>\n<div class=\"fusion-text fusion-text-2\"><div class=\"inx-cq\">\n\t<div id=\"inx-property-list\" class=\"inx-container inx-property-list\">\n\n\t\t\n\t\t<div class=\"inx-property-list__item-wrap\">\n\t\t\t\t<div class=\"inx-property-list-item inx-property-list-item--card uk-card uk-card-default uk-animation-scale-up\">\n\t\t<a href=\"https:\/\/www.zeitwohnen.de\/en\/furnished-apartments-cologne\/rental-18636\/?inx-backlink-url=https%3A%2F%2Fwww.zeitwohnen.de%2Fen%2Fsearch-results%2F\">\n\t\t<div class=\"inx-property-list-item__media-top uk-card-media-top uk-cover-container\">\n\t\t<img decoding=\"async\" width=\"1200\" height=\"926\" src=\"https:\/\/www.zeitwohnen.de\/wp-content\/uploads\/2026\/02\/21bae494-8dc9-41c3-a5f3-d6e82b90a5e3-1.jpg\" class=\"attachment-large size-large lazyload wp-post-image\" alt=\"Objekt 18636\" srcset=\"data:image\/svg+xml,%3Csvg%20xmlns%3D%27http%3A%2F%2Fwww.w3.org%2F2000%2Fsvg%27%20width%3D%271280%27%20height%3D%27988%27%20viewBox%3D%270%200%201280%20988%27%3E%3Crect%20width%3D%271280%27%20height%3D%27988%27%20fill-opacity%3D%220%22%2F%3E%3C%2Fsvg%3E\" data-orig-src=\"https:\/\/www.zeitwohnen.de\/wp-content\/uploads\/2026\/02\/21bae494-8dc9-41c3-a5f3-d6e82b90a5e3-1.jpg\" data-srcset=\"https:\/\/www.zeitwohnen.de\/wp-content\/uploads\/2026\/02\/21bae494-8dc9-41c3-a5f3-d6e82b90a5e3-1-200x154.jpg 200w, https:\/\/www.zeitwohnen.de\/wp-content\/uploads\/2026\/02\/21bae494-8dc9-41c3-a5f3-d6e82b90a5e3-1-400x309.jpg 400w, https:\/\/www.zeitwohnen.de\/wp-content\/uploads\/2026\/02\/21bae494-8dc9-41c3-a5f3-d6e82b90a5e3-1-600x463.jpg 600w, https:\/\/www.zeitwohnen.de\/wp-content\/uploads\/2026\/02\/21bae494-8dc9-41c3-a5f3-d6e82b90a5e3-1-768x593.jpg 768w, https:\/\/www.zeitwohnen.de\/wp-content\/uploads\/2026\/02\/21bae494-8dc9-41c3-a5f3-d6e82b90a5e3-1-800x618.jpg 800w, https:\/\/www.zeitwohnen.de\/wp-content\/uploads\/2026\/02\/21bae494-8dc9-41c3-a5f3-d6e82b90a5e3-1-1200x926.jpg 1200w, https:\/\/www.zeitwohnen.de\/wp-content\/uploads\/2026\/02\/21bae494-8dc9-41c3-a5f3-d6e82b90a5e3-1.jpg 1280w\" data-sizes=\"auto\" uk-cover>\t<\/div>\n\t\t<\/a>\n\t\t<div class=\"inx-property-list-item__body uk-card-body\">\n\t\t<div class=\"inx-property-list-item__title uk-card-title\">\n\t\t\t\t\t\t<a href=\"https:\/\/www.zeitwohnen.de\/en\/furnished-apartments-cologne\/rental-18636\/?inx-backlink-url=https%3A%2F%2Fwww.zeitwohnen.de%2Fen%2Fsearch-results%2F\" class=\"inx-link inx-oi--nutzungsart--waz inx-oi--vermarktungsart--miete-pacht\">\n\t\t\t\t\t\t\tTOP apartment in Bayenthal near Rheinauhafen - Video Online\t\t\t\t\t\t<\/a>\n\t\t\t\t\t<\/div>\n\n\t\t<div class=\"uk-margin-bottom\">\n\t\t\t\t\t\t<div class=\"inx-property-list-item__property-type\">\n\t\t\t\t<i class=\"inx-core-detail-icon flaticon-tag-1\" title=\"Apartment\"><\/i>\n\t\t\t\t<div>Apartment<\/div>\n\t\t\t<\/div>\n\t\t\t\n\t\t\t\t\t\t<div class=\"inx-property-list-item__location\" lang=\"de\">\n\t\t\t\t<i class=\"inx-core-detail-icon flaticon-placeholder\" title=\"Location\"><\/i>\n\n\t\t\t\t<!-- F\u00fcge die Stadt vor der Ortschaft ein ohne die PLZ zu zeigen (zeitwohnen) -->\n\t\t\t\t    \t\t\t<div class=\"\">K\u00f6ln<\/div>\n\t\t\t\t\n\t\t\t\t<!-- F\u00fcge anstelle der Location den Stadtteil als Ort ein (zeitwohnen) -->\n\t\t\t\t<div class=\"stadtteile\">\n\t\t\t\t\t&nbsp;\u00b7&nbsp;Bayenthal\t\t\t\t<\/div>\n\t\t\t<\/div>\n\t\t\t\n\t\t\t\t\t\t\t\t<div class=\"inx-property-list-item__available-from\" lang=\"de\">\n\t\t\t\t\t\t<span>Available from:<\/span> immediately\t\t\t\t\t<\/div>\n\t\t\t\t\n\t        \t\t\t\t<div class=\"inx-property-list-item__object-id\" lang=\"de\">\n\t\t\t\t\t<span>Object-ID:<\/span> 18636\t\t\t\t<\/div>\n            \n\t\t<\/div>\n\t<\/div>\n\n\t<div class=\"inx-property-list-item__footer uk-card-footer\">\n\t\t\t\t<div class=\"inx-property-list-item__core-details uk-flex uk-flex-around\">\n\t\t\t\t\t\t<div>\n\t\t\t\t<i class=\"inx-core-detail-icon flaticon-size\" title=\"Living Area\"><\/i> 30&nbsp;m\u00b2\t\t\t<\/div>\n\t\t\t\n\t\t\t\n\t\t\t\t\t\t<div>\n\t\t\t\t<i class=\"inx-core-detail-icon flaticon-blueprint\" title=\"Rooms\"><\/i> 1\t\t\t<\/div>\n\t\t\t\t\t<\/div>\n\t\t\n\t\t\t\t<a href=\"https:\/\/www.zeitwohnen.de\/en\/furnished-apartments-cologne\/rental-18636\/?inx-backlink-url=https%3A%2F%2Fwww.zeitwohnen.de%2Fen%2Fsearch-results%2F\" class=\"inx-property-list-item__property-price inx-property-price inx-oi--nutzungsart--waz inx-oi--vermarktungsart--miete-pacht inx-oi--inverted inx-link\">\n\t\t\t\t1,170&nbsp;\u20ac\t\t<\/a>\n\t\t\t\t\t<\/div>\n\n<!-- L\u00f6sche aus dem Label alle Begriffe ausgenommen Video (zeitwohnen) -->\n\t    <div class=\"inx-property-list-item__labels uk-position-top-right\">\n        <span class=\"inx-property-label inx-property-label--gruppe--filmlink uk-label\">Video<\/span><br>    <\/div>\n\n<\/div>\n\t\t<\/div>\n\n\t\t\t\t\t<\/div>\n<\/div>\n\n<\/div><div class=\"fusion-separator fusion-full-width-sep\" style=\"align-self: center;margin-left: auto;margin-right: auto;margin-top:2em;width:100%;\"><\/div><div style=\"text-align:center;\"><a class=\"fusion-button button-flat fusion-button-default-size button-default fusion-button-default button-2 fusion-button-default-span fusion-button-default-type\" target=\"_self\" href=\"https:\/\/www.zeitwohnen.de\/en\/furnished-apartments-cologne\/\"><span class=\"fusion-button-text awb-button__text awb-button__text--default\">View all furnished apartments in Cologne<\/span><\/a><\/div>\n<\/div><\/div><\/div><\/div><\/p>\n","protected":false},"excerpt":{"rendered":"","protected":false},"author":1,"featured_media":0,"parent":19637,"menu_order":2,"comment_status":"closed","ping_status":"closed","template":"","meta":{"footnotes":""},"class_list":["post-334953","page","type-page","status-publish","hentry"],"yoast_head":"<!-- This site is optimized with the Yoast SEO plugin v27.2 - https:\/\/yoast.com\/product\/yoast-seo-wordpress\/ -->\n<title>Furnished Apartments in Cologne Bayenthal<\/title>\n<meta name=\"description\" content=\"M\u00f6blierte Wohnungen und m\u00f6blierte Apartments \u2713 K\u00f6ln, Bonn, Essen \u2713 \u00fcber 2.000 Wohnungen in unserer Datenbank: Besser Wohnen auf Zeit mit \u25bb zeitwohnen.de\" \/>\n<meta name=\"robots\" content=\"index, follow, max-snippet:-1, max-image-preview:large, max-video-preview:-1\" \/>\n<meta property=\"og:locale\" content=\"en_US\" \/>\n<meta property=\"og:type\" content=\"article\" \/>\n<meta property=\"og:title\" content=\"Furnished Apartments in Cologne Bayenthal\" \/>\n<meta property=\"og:description\" content=\"M\u00f6blierte Wohnungen und m\u00f6blierte Apartments \u2713 K\u00f6ln, Bonn, Essen \u2713 \u00fcber 2.000 Wohnungen in unserer Datenbank: Besser Wohnen auf Zeit mit \u25bb zeitwohnen.de\" \/>\n<meta property=\"og:url\" content=\"https:\/\/www.zeitwohnen.de\/en\/furnished-rentals-cologne\/bayenthal\/\" \/>\n<meta property=\"og:site_name\" content=\"zeitwohnen.de\" \/>\n<meta property=\"article:publisher\" content=\"https:\/\/de-de.facebook.com\/zeitwohnen\" \/>\n<meta name=\"twitter:card\" content=\"summary_large_image\" \/>\n<meta name=\"twitter:label1\" content=\"Est. reading time\" \/>\n\t<meta name=\"twitter:data1\" content=\"7 minutes\" \/>\n<script type=\"application\/ld+json\" class=\"yoast-schema-graph\">{\"@context\":\"https:\/\/schema.org\",\"@graph\":[{\"@type\":\"WebPage\",\"@id\":\"https:\/\/www.zeitwohnen.de\/en\/furnished-rentals-cologne\/bayenthal\/\",\"url\":\"https:\/\/www.zeitwohnen.de\/en\/furnished-rentals-cologne\/bayenthal\/\",\"name\":\"Furnished Apartments in Cologne Bayenthal\",\"isPartOf\":{\"@id\":\"https:\/\/www.zeitwohnen.de\/en\/#website\"},\"description\":\"M\u00f6blierte Wohnungen und m\u00f6blierte Apartments \u2713 K\u00f6ln, Bonn, Essen \u2713 \u00fcber 2.000 Wohnungen in unserer Datenbank: Besser Wohnen auf Zeit mit \u25bb zeitwohnen.de\",\"breadcrumb\":{\"@id\":\"https:\/\/www.zeitwohnen.de\/en\/furnished-rentals-cologne\/bayenthal\/#breadcrumb\"},\"inLanguage\":\"en-US\",\"potentialAction\":[{\"@type\":\"ReadAction\",\"target\":[\"https:\/\/www.zeitwohnen.de\/en\/furnished-rentals-cologne\/bayenthal\/\"]}]},{\"@type\":\"BreadcrumbList\",\"@id\":\"https:\/\/www.zeitwohnen.de\/en\/furnished-rentals-cologne\/bayenthal\/#breadcrumb\",\"itemListElement\":[{\"@type\":\"ListItem\",\"position\":1,\"name\":\"Startseite\",\"item\":\"https:\/\/www.zeitwohnen.de\/en\/\"},{\"@type\":\"ListItem\",\"position\":2,\"name\":\"Apartments\",\"item\":\"https:\/\/www.zeitwohnen.de\/en\/apartments\/\"},{\"@type\":\"ListItem\",\"position\":3,\"name\":\"Furnished Apartments Cologne\",\"item\":\"https:\/\/www.zeitwohnen.de\/en\/furnished-rentals-cologne\/\"},{\"@type\":\"ListItem\",\"position\":4,\"name\":\"Bayenthal\"}]},{\"@type\":\"WebSite\",\"@id\":\"https:\/\/www.zeitwohnen.de\/en\/#website\",\"url\":\"https:\/\/www.zeitwohnen.de\/en\/\",\"name\":\"zeitwohnen.de\",\"description\":\"M\u00f6blierte Wohnungen in K\u00f6ln, Bonn und Essen - Wohnen auf Zeit\",\"publisher\":{\"@id\":\"https:\/\/www.zeitwohnen.de\/en\/#organization\"},\"potentialAction\":[{\"@type\":\"SearchAction\",\"target\":{\"@type\":\"EntryPoint\",\"urlTemplate\":\"https:\/\/www.zeitwohnen.de\/en\/?s={search_term_string}\"},\"query-input\":{\"@type\":\"PropertyValueSpecification\",\"valueRequired\":true,\"valueName\":\"search_term_string\"}}],\"inLanguage\":\"en-US\"},{\"@type\":\"Organization\",\"@id\":\"https:\/\/www.zeitwohnen.de\/en\/#organization\",\"name\":\"Zeitwohnen Rhein Ruhr GmbH\",\"url\":\"https:\/\/www.zeitwohnen.de\/en\/\",\"logo\":{\"@type\":\"ImageObject\",\"inLanguage\":\"en-US\",\"@id\":\"https:\/\/www.zeitwohnen.de\/en\/#\/schema\/logo\/image\/\",\"url\":\"\",\"contentUrl\":\"\",\"caption\":\"Zeitwohnen Rhein Ruhr GmbH\"},\"image\":{\"@id\":\"https:\/\/www.zeitwohnen.de\/en\/#\/schema\/logo\/image\/\"},\"sameAs\":[\"https:\/\/de-de.facebook.com\/zeitwohnen\",\"https:\/\/www.linkedin.com\/company\/zeitwohnen-rhein-ruhr-gmbh\"]}]}<\/script>\n<!-- \/ Yoast SEO plugin. -->","yoast_head_json":{"title":"Furnished Apartments in Cologne Bayenthal","description":"M\u00f6blierte Wohnungen und m\u00f6blierte Apartments \u2713 K\u00f6ln, Bonn, Essen \u2713 \u00fcber 2.000 Wohnungen in unserer Datenbank: Besser Wohnen auf Zeit mit \u25bb zeitwohnen.de","robots":{"index":"index","follow":"follow","max-snippet":"max-snippet:-1","max-image-preview":"max-image-preview:large","max-video-preview":"max-video-preview:-1"},"og_locale":"en_US","og_type":"article","og_title":"Furnished Apartments in Cologne Bayenthal","og_description":"M\u00f6blierte Wohnungen und m\u00f6blierte Apartments \u2713 K\u00f6ln, Bonn, Essen \u2713 \u00fcber 2.000 Wohnungen in unserer Datenbank: Besser Wohnen auf Zeit mit \u25bb zeitwohnen.de","og_url":"https:\/\/www.zeitwohnen.de\/en\/furnished-rentals-cologne\/bayenthal\/","og_site_name":"zeitwohnen.de","article_publisher":"https:\/\/de-de.facebook.com\/zeitwohnen","twitter_card":"summary_large_image","twitter_misc":{"Est. reading time":"7 minutes"},"schema":{"@context":"https:\/\/schema.org","@graph":[{"@type":"WebPage","@id":"https:\/\/www.zeitwohnen.de\/en\/furnished-rentals-cologne\/bayenthal\/","url":"https:\/\/www.zeitwohnen.de\/en\/furnished-rentals-cologne\/bayenthal\/","name":"Furnished Apartments in Cologne Bayenthal","isPartOf":{"@id":"https:\/\/www.zeitwohnen.de\/en\/#website"},"description":"M\u00f6blierte Wohnungen und m\u00f6blierte Apartments \u2713 K\u00f6ln, Bonn, Essen \u2713 \u00fcber 2.000 Wohnungen in unserer Datenbank: Besser Wohnen auf Zeit mit \u25bb zeitwohnen.de","breadcrumb":{"@id":"https:\/\/www.zeitwohnen.de\/en\/furnished-rentals-cologne\/bayenthal\/#breadcrumb"},"inLanguage":"en-US","potentialAction":[{"@type":"ReadAction","target":["https:\/\/www.zeitwohnen.de\/en\/furnished-rentals-cologne\/bayenthal\/"]}]},{"@type":"BreadcrumbList","@id":"https:\/\/www.zeitwohnen.de\/en\/furnished-rentals-cologne\/bayenthal\/#breadcrumb","itemListElement":[{"@type":"ListItem","position":1,"name":"Startseite","item":"https:\/\/www.zeitwohnen.de\/en\/"},{"@type":"ListItem","position":2,"name":"Apartments","item":"https:\/\/www.zeitwohnen.de\/en\/apartments\/"},{"@type":"ListItem","position":3,"name":"Furnished Apartments Cologne","item":"https:\/\/www.zeitwohnen.de\/en\/furnished-rentals-cologne\/"},{"@type":"ListItem","position":4,"name":"Bayenthal"}]},{"@type":"WebSite","@id":"https:\/\/www.zeitwohnen.de\/en\/#website","url":"https:\/\/www.zeitwohnen.de\/en\/","name":"zeitwohnen.de","description":"M\u00f6blierte Wohnungen in K\u00f6ln, Bonn und Essen - Wohnen auf Zeit","publisher":{"@id":"https:\/\/www.zeitwohnen.de\/en\/#organization"},"potentialAction":[{"@type":"SearchAction","target":{"@type":"EntryPoint","urlTemplate":"https:\/\/www.zeitwohnen.de\/en\/?s={search_term_string}"},"query-input":{"@type":"PropertyValueSpecification","valueRequired":true,"valueName":"search_term_string"}}],"inLanguage":"en-US"},{"@type":"Organization","@id":"https:\/\/www.zeitwohnen.de\/en\/#organization","name":"Zeitwohnen Rhein Ruhr GmbH","url":"https:\/\/www.zeitwohnen.de\/en\/","logo":{"@type":"ImageObject","inLanguage":"en-US","@id":"https:\/\/www.zeitwohnen.de\/en\/#\/schema\/logo\/image\/","url":"","contentUrl":"","caption":"Zeitwohnen Rhein Ruhr GmbH"},"image":{"@id":"https:\/\/www.zeitwohnen.de\/en\/#\/schema\/logo\/image\/"},"sameAs":["https:\/\/de-de.facebook.com\/zeitwohnen","https:\/\/www.linkedin.com\/company\/zeitwohnen-rhein-ruhr-gmbh"]}]}},"_links":{"self":[{"href":"https:\/\/www.zeitwohnen.de\/en\/wp-json\/wp\/v2\/pages\/334953","targetHints":{"allow":["GET"]}}],"collection":[{"href":"https:\/\/www.zeitwohnen.de\/en\/wp-json\/wp\/v2\/pages"}],"about":[{"href":"https:\/\/www.zeitwohnen.de\/en\/wp-json\/wp\/v2\/types\/page"}],"author":[{"embeddable":true,"href":"https:\/\/www.zeitwohnen.de\/en\/wp-json\/wp\/v2\/users\/1"}],"replies":[{"embeddable":true,"href":"https:\/\/www.zeitwohnen.de\/en\/wp-json\/wp\/v2\/comments?post=334953"}],"version-history":[{"count":2,"href":"https:\/\/www.zeitwohnen.de\/en\/wp-json\/wp\/v2\/pages\/334953\/revisions"}],"predecessor-version":[{"id":335448,"href":"https:\/\/www.zeitwohnen.de\/en\/wp-json\/wp\/v2\/pages\/334953\/revisions\/335448"}],"up":[{"embeddable":true,"href":"https:\/\/www.zeitwohnen.de\/en\/wp-json\/wp\/v2\/pages\/19637"}],"wp:attachment":[{"href":"https:\/\/www.zeitwohnen.de\/en\/wp-json\/wp\/v2\/media?parent=334953"}],"curies":[{"name":"wp","href":"https:\/\/api.w.org\/{rel}","templated":true}]}}